{"id":7,"date":"2023-05-31T21:45:48","date_gmt":"2023-05-31T19:45:48","guid":{"rendered":"https:\/\/www.farnostoravskalesna.sk\/?page_id=7"},"modified":"2026-04-27T06:42:10","modified_gmt":"2026-04-27T04:42:10","slug":"uvod","status":"publish","type":"page","link":"https:\/\/www.farnostoravskalesna.sk\/","title":{"rendered":"\u00davod"},"content":{"rendered":"<p><img decoding=\"async\" src=\"\/wp-content\/uploads\/2025\/08\/logo-farnost-ol.png\" alt=\"\"><\/p>\n<h2>R\u00edmskokatol\u00edcka cirkev<\/h2>\n<h1>Farnos\u0165 Oravsk\u00e1 Lesn\u00e1<\/h1>\n<h2>Farsk\u00e9 oznamy<\/h2>\n<p>\n    <a href=\"https:\/\/www.farnostoravskalesna.sk\/wp-content\/uploads\/2026\/04\/17-4.-velkonocna-nedela.pdf\">Zobrazi\u0165 oznamy v novom okne<\/a>\n<\/p>\n<div>\n<a href=\"https:\/\/www.farnostoravskalesna.sk\/wp-content\/uploads\/2026\/04\/17-4.-velkonocna-nedela.pdf\" class=\"pdfemb-viewer\" style=\"\" data-width=\"max\" data-height=\"max\" data-toolbar=\"top\" data-toolbar-fixed=\"on\">17-4.-velkonocna-nedela<\/a>\n<\/div>\n<h2>Rozpis lektorsk\u00fdch slu\u017eieb na mesiac M\u00c1J 2026<\/h2>\n<p>\n    <a href=\"https:\/\/www.farnostoravskalesna.sk\/wp-content\/uploads\/2026\/04\/LEKTORI-MAJ-2026.pdf\">Zobrazi\u0165 rozpis vo form\u00e1te .pdf<\/a>\n<\/p>\n<h2>D\u00e1tumy krsn\u00fdch nediel na rok 2026<\/h2>\n<p>\n    <a href=\"https:\/\/www.farnostoravskalesna.sk\/wp-content\/uploads\/2026\/01\/Krstne-nedele-2026.pdf\">Zobrazi\u0165  d\u00e1tumy vo form\u00e1te .pdf<\/a>\n<\/p>\n<h2>Exhort\u00e1cia spi\u0161sk\u00e9ho diec\u00e9zneho biskupa<\/h2>\n<p><a href=\"https:\/\/www.farnostoravskalesna.sk\/wp-content\/uploads\/2025\/11\/Exhortacia-Cor-ardens.pdf\"><img decoding=\"async\" src=\"\/wp-content\/uploads\/2025\/11\/Snimka-obrazovky-2025-11-24-o-7.14.42.png\" alt=\"\"><\/a><\/p>\n<p>\n    <a href=\"https:\/\/www.farnostoravskalesna.sk\/wp-content\/uploads\/2025\/11\/Exhortacia-Cor-ardens.pdf\">Zobrazi\u0165  dokument vo form\u00e1te .pdf<\/a>\n<\/p>\n<p><!--more--><br \/>\n<!-- {\"type\":\"layout\",\"children\":[{\"type\":\"section\",\"props\":{\"image\":\"wp-content\\\/uploads\\\/2024\\\/03\\\/kostol-sv-anny-o-lesna-scaled.jpg\",\"image_position\":\"center-center\",\"image_size\":\"cover\",\"padding\":\"large\",\"padding_remove_top\":false,\"style\":\"muted\",\"title_breakpoint\":\"xl\",\"title_position\":\"top-left\",\"title_rotation\":\"left\",\"vertical_align\":\"middle\",\"width\":\"default\"},\"children\":[{\"type\":\"row\",\"children\":[{\"type\":\"column\",\"props\":{\"image_position\":\"center-center\",\"media_overlay_gradient\":\"\",\"padding\":\"small\",\"position_sticky_breakpoint\":\"m\",\"style\":\"default\",\"vertical_align\":\"middle\",\"width_medium\":\"2-5\"},\"children\":[{\"type\":\"image\",\"props\":{\"image\":\"wp-content\\\/uploads\\\/2025\\\/08\\\/logo-farnost-ol.png\",\"image_svg_color\":\"emphasis\",\"image_width\":\"120\",\"margin\":\"default\",\"margin_remove_bottom\":true,\"margin_remove_top\":true,\"text_align\":\"center\"}},{\"type\":\"headline\",\"props\":{\"content\":\"R\\u00edmskokatol\\u00edcka cirkev\",\"margin\":\"small\",\"margin_remove_bottom\":true,\"margin_remove_top\":false,\"text_align\":\"center\",\"title_element\":\"h2\",\"title_style\":\"h5\"}},{\"type\":\"headline\",\"props\":{\"content\":\"Farnos\\u0165 Oravsk\\u00e1 Lesn\\u00e1\",\"margin_remove_top\":true,\"text_align\":\"center\",\"title_color\":\"primary\",\"title_element\":\"h1\",\"title_font_family\":\"primary\",\"title_style\":\"h2\"}}]},{\"type\":\"column\",\"props\":{\"image_position\":\"center-center\",\"media_overlay_gradient\":\"\",\"position_sticky_breakpoint\":\"m\",\"width_medium\":\"3-5\"},\"children\":[]}],\"props\":{\"layout\":\"2-5,3-5\"}}]},{\"type\":\"section\",\"props\":{\"image_position\":\"center-center\",\"style\":\"default\",\"title_breakpoint\":\"xl\",\"title_position\":\"top-left\",\"title_rotation\":\"left\",\"vertical_align\":\"middle\",\"width\":\"default\"},\"children\":[{\"type\":\"row\",\"children\":[{\"type\":\"column\",\"props\":{\"image_position\":\"center-center\",\"media_overlay_gradient\":\"\",\"position_sticky_breakpoint\":\"m\",\"width_medium\":\"1-5\"},\"children\":[]},{\"type\":\"column\",\"props\":{\"image_position\":\"center-center\",\"media_overlay_gradient\":\"\",\"position_sticky_breakpoint\":\"m\",\"width_medium\":\"3-5\"},\"children\":[{\"type\":\"headline\",\"props\":{\"content\":\"Farsk\\u00e9 oznamy\",\"text_align\":\"center\",\"title_element\":\"h2\"}},{\"type\":\"button\",\"props\":{\"grid_column_gap\":\"small\",\"grid_row_gap\":\"small\",\"margin\":\"default\",\"text_align\":\"center\"},\"children\":[{\"type\":\"button_item\",\"props\":{\"button_style\":\"primary\",\"content\":\"Zobrazi\\u0165 oznamy v novom okne\",\"icon\":\"sign-out\",\"icon_align\":\"left\",\"link\":\"https:\\\/\\\/www.farnostoravskalesna.sk\\\/wp-content\\\/uploads\\\/2026\\\/04\\\/17-4.-velkonocna-nedela.pdf\",\"link_target\":\"blank\",\"link_title\":\"Zobrazi\\u0165 pdf \"}}]},{\"type\":\"text\",\"props\":{\"column_breakpoint\":\"m\",\"content\":\"\n\n<p>[pdf-embedder url=\\\"https:\\\/\\\/www.farnostoravskalesna.sk\\\/wp-content\\\/uploads\\\/2026\\\/04\\\/17-4.-velkonocna-nedela.pdf\\\"]<\\\/p>\",\"margin\":\"default\",\"text_align\":\"center\"}}]},{\"type\":\"column\",\"props\":{\"image_position\":\"center-center\",\"media_overlay_gradient\":\"\",\"position_sticky_breakpoint\":\"m\",\"width_medium\":\"1-5\"},\"children\":[]}],\"props\":{\"divider\":true,\"layout\":\"1-5,3-5,1-5\"}}]},{\"type\":\"section\",\"props\":{\"image_position\":\"center-center\",\"style\":\"muted\",\"title_breakpoint\":\"xl\",\"title_position\":\"top-left\",\"title_rotation\":\"left\",\"vertical_align\":\"middle\",\"width\":\"default\"},\"children\":[{\"type\":\"row\",\"children\":[{\"type\":\"column\",\"props\":{\"image_position\":\"center-center\",\"media_overlay_gradient\":\"\",\"position_sticky_breakpoint\":\"m\",\"width_medium\":\"1-2\"},\"children\":[{\"type\":\"headline\",\"props\":{\"content\":\"Rozpis lektorsk\\u00fdch slu\\u017eieb na mesiac M\\u00c1J 2026\",\"text_align\":\"center\",\"title_element\":\"h2\"}},{\"type\":\"button\",\"props\":{\"grid_column_gap\":\"small\",\"grid_row_gap\":\"small\",\"margin\":\"default\",\"text_align\":\"center\"},\"children\":[{\"type\":\"button_item\",\"props\":{\"button_style\":\"primary\",\"content\":\"Zobrazi\\u0165 rozpis vo form\\u00e1te .pdf\",\"icon\":\"sign-out\",\"icon_align\":\"left\",\"link\":\"https:\\\/\\\/www.farnostoravskalesna.sk\\\/wp-content\\\/uploads\\\/2026\\\/04\\\/LEKTORI-MAJ-2026.pdf\",\"link_target\":\"blank\",\"link_title\":\"Zobrazi\\u0165 pdf \"}}]}]},{\"type\":\"column\",\"props\":{\"image_position\":\"center-center\",\"media_overlay_gradient\":\"\",\"position_sticky_breakpoint\":\"m\",\"width_medium\":\"1-2\"},\"children\":[{\"type\":\"headline\",\"props\":{\"content\":\"D\\u00e1tumy krsn\\u00fdch nediel na rok 2026\",\"text_align\":\"center\",\"title_element\":\"h2\"}},{\"type\":\"button\",\"props\":{\"grid_column_gap\":\"small\",\"grid_row_gap\":\"small\",\"margin\":\"default\",\"text_align\":\"center\"},\"children\":[{\"type\":\"button_item\",\"props\":{\"button_style\":\"primary\",\"content\":\"Zobrazi\\u0165  d\\u00e1tumy vo form\\u00e1te .pdf\",\"icon\":\"sign-out\",\"icon_align\":\"left\",\"link\":\"https:\\\/\\\/www.farnostoravskalesna.sk\\\/wp-content\\\/uploads\\\/2026\\\/01\\\/Krstne-nedele-2026.pdf\",\"link_target\":\"blank\",\"link_title\":\"Zobrazi\\u0165 pdf \"}}]}]}],\"props\":{\"divider\":true,\"layout\":\"1-2,1-2\"}}]},{\"type\":\"section\",\"props\":{\"image_position\":\"center-center\",\"style\":\"default\",\"title_breakpoint\":\"xl\",\"title_position\":\"top-left\",\"title_rotation\":\"left\",\"vertical_align\":\"middle\",\"width\":\"default\"},\"children\":[{\"type\":\"row\",\"children\":[{\"type\":\"column\",\"props\":{\"image_position\":\"center-center\",\"media_overlay_gradient\":\"\",\"position_sticky_breakpoint\":\"m\"},\"children\":[{\"type\":\"headline\",\"props\":{\"content\":\"Exhort\\u00e1cia spi\\u0161sk\\u00e9ho diec\\u00e9zneho biskupa\",\"text_align\":\"center\",\"title_element\":\"h2\"}},{\"type\":\"image\",\"props\":{\"image\":\"wp-content\\\/uploads\\\/2025\\\/11\\\/Snimka-obrazovky-2025-11-24-o-7.14.42.png\",\"image_svg_color\":\"emphasis\",\"image_width\":\"340\",\"link\":\"https:\\\/\\\/www.farnostoravskalesna.sk\\\/wp-content\\\/uploads\\\/2025\\\/11\\\/Exhortacia-Cor-ardens.pdf\",\"margin\":\"default\",\"text_align\":\"center\"}},{\"type\":\"button\",\"props\":{\"grid_column_gap\":\"small\",\"grid_row_gap\":\"small\",\"margin\":\"default\",\"text_align\":\"center\"},\"children\":[{\"type\":\"button_item\",\"props\":{\"button_style\":\"primary\",\"content\":\"Zobrazi\\u0165  dokument vo form\\u00e1te .pdf\",\"icon\":\"sign-out\",\"icon_align\":\"left\",\"link\":\"https:\\\/\\\/www.farnostoravskalesna.sk\\\/wp-content\\\/uploads\\\/2025\\\/11\\\/Exhortacia-Cor-ardens.pdf\",\"link_target\":\"blank\",\"link_title\":\"Zobrazi\\u0165 pdf \"}}]}]}]}]},{\"type\":\"section\",\"props\":{\"image_position\":\"center-center\",\"status\":\"disabled\",\"style\":\"primary\",\"title_breakpoint\":\"xl\",\"title_position\":\"top-left\",\"title_rotation\":\"left\",\"vertical_align\":\"middle\",\"width\":\"default\"},\"children\":[{\"type\":\"row\",\"children\":[{\"type\":\"column\",\"props\":{\"image_position\":\"center-center\",\"media_overlay_gradient\":\"\",\"position_sticky_breakpoint\":\"m\"},\"children\":[{\"type\":\"headline\",\"props\":{\"content\":\"Darujte 2% z dane\",\"text_align\":\"center\",\"title_decoration\":\"line\",\"title_element\":\"h2\",\"title_style\":\"h1\"}}]}]},{\"type\":\"row\",\"children\":[{\"type\":\"column\",\"props\":{\"image_position\":\"center-center\",\"media_overlay_gradient\":\"\",\"position_sticky_breakpoint\":\"m\",\"width_medium\":\"\"},\"children\":[{\"type\":\"grid\",\"props\":{\"content_column_breakpoint\":\"m\",\"filter_align\":\"left\",\"filter_all\":true,\"filter_grid_breakpoint\":\"m\",\"filter_grid_width\":\"auto\",\"filter_position\":\"top\",\"filter_style\":\"tab\",\"grid_default\":\"1\",\"grid_medium\":\"3\",\"icon_width\":80,\"image_align\":\"top\",\"image_grid_breakpoint\":\"m\",\"image_grid_width\":\"1-2\",\"image_svg_color\":\"emphasis\",\"item_animation\":true,\"link_style\":\"primary\",\"link_target\":true,\"link_text\":\"Zobrazi\\u0165 formul\\u00e1r\",\"margin\":\"default\",\"meta_align\":\"below-title\",\"meta_element\":\"div\",\"meta_style\":\"text-meta\",\"panel_link\":false,\"show_content\":true,\"show_image\":true,\"show_link\":true,\"show_meta\":true,\"show_title\":true,\"title_align\":\"top\",\"title_element\":\"h3\",\"title_grid_breakpoint\":\"m\",\"title_grid_width\":\"1-2\",\"title_hover_style\":\"reset\"},\"children\":[{\"type\":\"grid_item\",\"props\":{\"link\":\"https:\\\/\\\/www.farnostoravskalesna.sk\\\/wp-content\\\/uploads\\\/2025\\\/03\\\/2-percenta-Mary\\u00b4s-Meals.pdf\",\"title\":\"Mary\\u00b4s Meals\"}},{\"type\":\"grid_item\",\"props\":{\"link\":\"https:\\\/\\\/www.farnostoravskalesna.sk\\\/wp-content\\\/uploads\\\/2025\\\/03\\\/2-percenta-Unitas.pdf\",\"title\":\"Unitas\"}},{\"type\":\"grid_item\",\"props\":{\"link\":\"https:\\\/\\\/www.farnostoravskalesna.sk\\\/wp-content\\\/uploads\\\/2025\\\/03\\\/2-percenta-Cor-Sancti-Martini.pdf\",\"title\":\"Cor Sancti Martini\"}},{\"type\":\"grid_item\",\"props\":{\"link\":\"https:\\\/\\\/www.farnostoravskalesna.sk\\\/wp-content\\\/uploads\\\/2025\\\/03\\\/2-percenta-Depaul-Slovensko.pdf\",\"title\":\"Depaul Slovensko\"}},{\"type\":\"grid_item\",\"props\":{\"link\":\"https:\\\/\\\/www.farnostoravskalesna.sk\\\/wp-content\\\/uploads\\\/2025\\\/03\\\/2-percenta-DKU.pdf\",\"title\":\"Diec\\u00e9zny katechetick\\u00fd \\u00farad\"}},{\"type\":\"grid_item\",\"props\":{\"link\":\"https:\\\/\\\/www.farnostoravskalesna.sk\\\/wp-content\\\/uploads\\\/2025\\\/03\\\/2-percenta-Knazsky-seminar.pdf\",\"title\":\"Kn\\u030cazsky\\u0301 semina\\u0301r\"}}]}]}]}]}],\"version\":\"3.0.14\"} --><\/p>\n","protected":false},"excerpt":{"rendered":"<p>R\u00edmskokatol\u00edcka cirkev Farnos\u0165 Oravsk\u00e1 Lesn\u00e1 Farsk\u00e9 oznamy Zobrazi\u0165 oznamy v novom okne Rozpis lektorsk\u00fdch slu\u017eieb na mesiac M\u00c1J 2026 Zobrazi\u0165 rozpis vo form\u00e1te .pdf D\u00e1tumy krsn\u00fdch nediel na rok 2026 Zobrazi\u0165 d\u00e1tumy vo form\u00e1te .pdf Exhort\u00e1cia spi\u0161sk\u00e9ho diec\u00e9zneho biskupa Zobrazi\u0165 dokument vo form\u00e1te .pdf<\/p>\n","protected":false},"author":1,"featured_media":0,"parent":0,"menu_order":0,"comment_status":"closed","ping_status":"closed","template":"","meta":{"footnotes":""},"class_list":["post-7","page","type-page","status-publish","hentry"],"_links":{"self":[{"href":"https:\/\/www.farnostoravskalesna.sk\/index.php?rest_route=\/wp\/v2\/pages\/7","targetHints":{"allow":["GET"]}}],"collection":[{"href":"https:\/\/www.farnostoravskalesna.sk\/index.php?rest_route=\/wp\/v2\/pages"}],"about":[{"href":"https:\/\/www.farnostoravskalesna.sk\/index.php?rest_route=\/wp\/v2\/types\/page"}],"author":[{"embeddable":true,"href":"https:\/\/www.farnostoravskalesna.sk\/index.php?rest_route=\/wp\/v2\/users\/1"}],"replies":[{"embeddable":true,"href":"https:\/\/www.farnostoravskalesna.sk\/index.php?rest_route=%2Fwp%2Fv2%2Fcomments&post=7"}],"version-history":[{"count":339,"href":"https:\/\/www.farnostoravskalesna.sk\/index.php?rest_route=\/wp\/v2\/pages\/7\/revisions"}],"predecessor-version":[{"id":698,"href":"https:\/\/www.farnostoravskalesna.sk\/index.php?rest_route=\/wp\/v2\/pages\/7\/revisions\/698"}],"wp:attachment":[{"href":"https:\/\/www.farnostoravskalesna.sk\/index.php?rest_route=%2Fwp%2Fv2%2Fmedia&parent=7"}],"curies":[{"name":"wp","href":"https:\/\/api.w.org\/{rel}","templated":true}]}}